{"id":55,"date":"2014-03-06T16:44:41","date_gmt":"2014-03-06T16:44:41","guid":{"rendered":"http:\/\/fritzi.arnesweb.de\/?page_id=55"},"modified":"2014-03-06T16:44:41","modified_gmt":"2014-03-06T16:44:41","slug":"juni-2013","status":"publish","type":"page","link":"https:\/\/arnesweb.de\/fritzi\/juni-2013\/","title":{"rendered":"Juni 2013"},"content":{"rendered":"<p>Da meine Rudelf\u00fchrer sehr gerne mit dem Rad fahren, und ich noch zu klein bin um so weit zu laufen, habe ich einen tollen Anh\u00e4nger bekommen. Nun kann ich ein kleines St\u00fcck laufen, und wenn ich keine Lust mehr habe, darf ich im Anh\u00e4nger fahren &#8211; suuuper \ud83d\ude42<\/p>\n<div id=\"attachment_56\" style=\"width: 650px\" class=\"wp-caption aligncenter\"><a href=\"https:\/\/arnesweb.de\/fritzi\/wp-content\/uploads\/sites\/3\/2014\/03\/DSC_0260.jpg\" rel=\"lightbox[55]\"><img loading=\"lazy\" decoding=\"async\" aria-describedby=\"caption-attachment-56\" class=\"size-large wp-image-56\" alt=\"Fritzi in ihrem Anh\u00e4nger\" src=\"https:\/\/arnesweb.de\/fritzi\/wp-content\/uploads\/sites\/3\/2014\/03\/DSC_0260-1024x576.jpg\" width=\"640\" height=\"360\" srcset=\"https:\/\/arnesweb.de\/fritzi\/wp-content\/uploads\/sites\/3\/2014\/03\/DSC_0260-1024x576.jpg 1024w, https:\/\/arnesweb.de\/fritzi\/wp-content\/uploads\/sites\/3\/2014\/03\/DSC_0260-300x169.jpg 300w, https:\/\/arnesweb.de\/fritzi\/wp-content\/uploads\/sites\/3\/2014\/03\/DSC_0260-768x432.jpg 768w, https:\/\/arnesweb.de\/fritzi\/wp-content\/uploads\/sites\/3\/2014\/03\/DSC_0260-1536x864.jpg 1536w, https:\/\/arnesweb.de\/fritzi\/wp-content\/uploads\/sites\/3\/2014\/03\/DSC_0260.jpg 1920w\" sizes=\"auto, (max-width: 640px) 100vw, 640px\" \/><\/a><p id=\"caption-attachment-56\" class=\"wp-caption-text\">Mein toller Anh\u00e4nger<\/p><\/div>\n<p>Ich gehe jeden Tag mit meinem Herrchen zur Arbeit. Dort habe ich ein bequemes Pl\u00e4tzchen direkt hinter dem Schreibtisch von meinem Chef. Da ich morgens schon immer eine Stunde durch den Park und \u00fcber die Hundewiese gejagt bin, schlafe ich meistens bis Mittags. Dann geht es ab mit Herrchen auf den Sportplatz. Das macht richtig Spa\u00df&#8230;<\/p>\n<table>\n<tbody>\n<tr>\n<td>\n<p><div id=\"attachment_59\" style=\"width: 310px\" class=\"wp-caption alignnone\"><a href=\"https:\/\/arnesweb.de\/fritzi\/wp-content\/uploads\/sites\/3\/2014\/03\/DSC_0244.jpg\" rel=\"lightbox[55]\"><img loading=\"lazy\" decoding=\"async\" aria-describedby=\"caption-attachment-59\" class=\"size-medium wp-image-59\" alt=\"Fritzi liegt ersch\u00f6pft auf dem Rasen\" src=\"https:\/\/arnesweb.de\/fritzi\/wp-content\/uploads\/sites\/3\/2014\/03\/DSC_0244-300x168.jpg\" width=\"300\" height=\"168\" \/><\/a><p id=\"caption-attachment-59\" class=\"wp-caption-text\">Nun bin ich platt<\/p><\/div><\/td>\n<td>\n<p><div id=\"attachment_60\" style=\"width: 310px\" class=\"wp-caption alignnone\"><a href=\"https:\/\/arnesweb.de\/fritzi\/wp-content\/uploads\/sites\/3\/2014\/03\/DSC_0245.jpg\" rel=\"lightbox[55]\"><img loading=\"lazy\" decoding=\"async\" aria-describedby=\"caption-attachment-60\" class=\"size-medium wp-image-60\" alt=\"Fritzi liegt zufrieden auf dem Rasen\" src=\"https:\/\/arnesweb.de\/fritzi\/wp-content\/uploads\/sites\/3\/2014\/03\/DSC_0245-300x168.jpg\" width=\"300\" height=\"168\" \/><\/a><p id=\"caption-attachment-60\" class=\"wp-caption-text\">Das hat Spa\u00df gemacht<\/p><\/div><\/td>\n<\/tr>\n<tr>\n<td>\n<p><div id=\"attachment_61\" style=\"width: 310px\" class=\"wp-caption alignnone\"><a href=\"https:\/\/arnesweb.de\/fritzi\/wp-content\/uploads\/sites\/3\/2014\/03\/DSC_0248.jpg\" rel=\"lightbox[55]\"><img loading=\"lazy\" decoding=\"async\" aria-describedby=\"caption-attachment-61\" class=\"size-medium wp-image-61\" alt=\"Fritzi fordert zum spielen auf\" src=\"https:\/\/arnesweb.de\/fritzi\/wp-content\/uploads\/sites\/3\/2014\/03\/DSC_0248-300x168.jpg\" width=\"300\" height=\"168\" \/><\/a><p id=\"caption-attachment-61\" class=\"wp-caption-text\">Los doch&#8230;<\/p><\/div><\/td>\n<td>\n<p><div id=\"attachment_62\" style=\"width: 310px\" class=\"wp-caption alignnone\"><a href=\"https:\/\/arnesweb.de\/fritzi\/wp-content\/uploads\/sites\/3\/2014\/03\/DSC_0249.jpg\" rel=\"lightbox[55]\"><img loading=\"lazy\" decoding=\"async\" aria-describedby=\"caption-attachment-62\" class=\"size-medium wp-image-62\" alt=\"Fritzi fordert auf\" src=\"https:\/\/arnesweb.de\/fritzi\/wp-content\/uploads\/sites\/3\/2014\/03\/DSC_0249-300x168.jpg\" width=\"300\" height=\"168\" \/><\/a><p id=\"caption-attachment-62\" class=\"wp-caption-text\">Los, Spiel mit mir<\/p><\/div><\/td>\n<\/tr>\n<\/tbody>\n<\/table>\n","protected":false},"excerpt":{"rendered":"<p>Da meine Rudelf\u00fchrer sehr gerne mit dem Rad fahren, und ich noch zu klein bin um so weit zu laufen, habe ich einen tollen Anh\u00e4nger bekommen. Nun kann ich ein kleines St\u00fcck laufen, und wenn ich keine Lust mehr habe, &hellip; <a href=\"https:\/\/arnesweb.de\/fritzi\/juni-2013\/\">Weiterlesen <span class=\"meta-nav\">&rarr;<\/span><\/a><\/p>\n","protected":false},"author":1,"featured_media":0,"parent":0,"menu_order":4,"comment_status":"closed","ping_status":"open","template":"","meta":{"footnotes":""},"class_list":["post-55","page","type-page","status-publish","hentry"],"_links":{"self":[{"href":"https:\/\/arnesweb.de\/fritzi\/wp-json\/wp\/v2\/pages\/55","targetHints":{"allow":["GET"]}}],"collection":[{"href":"https:\/\/arnesweb.de\/fritzi\/wp-json\/wp\/v2\/pages"}],"about":[{"href":"https:\/\/arnesweb.de\/fritzi\/wp-json\/wp\/v2\/types\/page"}],"author":[{"embeddable":true,"href":"https:\/\/arnesweb.de\/fritzi\/wp-json\/wp\/v2\/users\/1"}],"replies":[{"embeddable":true,"href":"https:\/\/arnesweb.de\/fritzi\/wp-json\/wp\/v2\/comments?post=55"}],"version-history":[{"count":0,"href":"https:\/\/arnesweb.de\/fritzi\/wp-json\/wp\/v2\/pages\/55\/revisions"}],"wp:attachment":[{"href":"https:\/\/arnesweb.de\/fritzi\/wp-json\/wp\/v2\/media?parent=55"}],"curies":[{"name":"wp","href":"https:\/\/api.w.org\/{rel}","templated":true}]}}