{"id":89,"date":"2014-10-10T10:48:20","date_gmt":"2014-10-10T10:48:20","guid":{"rendered":"http:\/\/fritzi.arnesweb.de\/?page_id=89"},"modified":"2014-10-10T10:48:20","modified_gmt":"2014-10-10T10:48:20","slug":"sommer-2014","status":"publish","type":"page","link":"https:\/\/arnesweb.de\/fritzi\/sommer-2014\/","title":{"rendered":"Sommer 2014"},"content":{"rendered":"<p>Es dauert nun nicht mehr lange, bis ich zwei Jahre alt werde. Ich bin ja nun schon fast erwachsen, und daher werde ich wohl etwas ruhiger. Ich treffe mich noch jeden morgen mit meiner Freundin Elvi und tobe eine Runde, aber ansonsten kann ich auch ganz gem\u00fctlich schn\u00fcffeln. Ich h\u00f6re sehr gut auf mein Rudel, es sei denn ich grabe gerade nach einer Maus auf meiner Hundewiese (&#8230;aber das ist ja auch wichtig \ud83d\ude09 )<\/p>\n<div id=\"attachment_90\" style=\"width: 650px\" class=\"wp-caption aligncenter\"><a href=\"https:\/\/arnesweb.de\/fritzi\/wp-content\/uploads\/sites\/3\/2014\/10\/blick.jpg\" rel=\"lightbox[89]\"><img loading=\"lazy\" decoding=\"async\" aria-describedby=\"caption-attachment-90\" class=\"size-large wp-image-90\" alt=\"Fritzi schaut aus dem Augenwinkel\" src=\"https:\/\/arnesweb.de\/fritzi\/wp-content\/uploads\/sites\/3\/2014\/10\/blick-1024x576.jpg\" width=\"640\" height=\"360\" srcset=\"https:\/\/arnesweb.de\/fritzi\/wp-content\/uploads\/sites\/3\/2014\/10\/blick-1024x576.jpg 1024w, https:\/\/arnesweb.de\/fritzi\/wp-content\/uploads\/sites\/3\/2014\/10\/blick-300x169.jpg 300w, https:\/\/arnesweb.de\/fritzi\/wp-content\/uploads\/sites\/3\/2014\/10\/blick-768x432.jpg 768w, https:\/\/arnesweb.de\/fritzi\/wp-content\/uploads\/sites\/3\/2014\/10\/blick-1536x864.jpg 1536w, https:\/\/arnesweb.de\/fritzi\/wp-content\/uploads\/sites\/3\/2014\/10\/blick.jpg 1920w\" sizes=\"auto, (max-width: 640px) 100vw, 640px\" \/><\/a><p id=\"caption-attachment-90\" class=\"wp-caption-text\">So kann ich schauen, wenn ich was erreichen will&#8230;<\/p><\/div>\n<div id=\"attachment_91\" style=\"width: 650px\" class=\"wp-caption aligncenter\"><a href=\"https:\/\/arnesweb.de\/fritzi\/wp-content\/uploads\/sites\/3\/2014\/10\/brunnen.jpg\" rel=\"lightbox[89]\"><img loading=\"lazy\" decoding=\"async\" aria-describedby=\"caption-attachment-91\" class=\" wp-image-91\" alt=\"Fritzi und Emma am Brunnen\" src=\"https:\/\/arnesweb.de\/fritzi\/wp-content\/uploads\/sites\/3\/2014\/10\/brunnen-1024x614.jpg\" width=\"640\" height=\"383\" srcset=\"https:\/\/arnesweb.de\/fritzi\/wp-content\/uploads\/sites\/3\/2014\/10\/brunnen-1024x614.jpg 1024w, https:\/\/arnesweb.de\/fritzi\/wp-content\/uploads\/sites\/3\/2014\/10\/brunnen-300x180.jpg 300w, https:\/\/arnesweb.de\/fritzi\/wp-content\/uploads\/sites\/3\/2014\/10\/brunnen-768x461.jpg 768w, https:\/\/arnesweb.de\/fritzi\/wp-content\/uploads\/sites\/3\/2014\/10\/brunnen-1536x922.jpg 1536w, https:\/\/arnesweb.de\/fritzi\/wp-content\/uploads\/sites\/3\/2014\/10\/brunnen.jpg 1920w\" sizes=\"auto, (max-width: 640px) 100vw, 640px\" \/><\/a><p id=\"caption-attachment-91\" class=\"wp-caption-text\">Meine Freundin Emma liebt das Wasser genauso sehr wie ich&#8230;<\/p><\/div>\n<div id=\"attachment_92\" style=\"width: 650px\" class=\"wp-caption aligncenter\"><a href=\"https:\/\/arnesweb.de\/fritzi\/wp-content\/uploads\/sites\/3\/2014\/10\/handwagen.jpg\" rel=\"lightbox[89]\"><img loading=\"lazy\" decoding=\"async\" aria-describedby=\"caption-attachment-92\" class=\"size-large wp-image-92\" alt=\"Fritzi im Anh\u00e4nger\" src=\"https:\/\/arnesweb.de\/fritzi\/wp-content\/uploads\/sites\/3\/2014\/10\/handwagen-1024x576.jpg\" width=\"640\" height=\"360\" srcset=\"https:\/\/arnesweb.de\/fritzi\/wp-content\/uploads\/sites\/3\/2014\/10\/handwagen-1024x576.jpg 1024w, https:\/\/arnesweb.de\/fritzi\/wp-content\/uploads\/sites\/3\/2014\/10\/handwagen-300x169.jpg 300w, https:\/\/arnesweb.de\/fritzi\/wp-content\/uploads\/sites\/3\/2014\/10\/handwagen-768x432.jpg 768w, https:\/\/arnesweb.de\/fritzi\/wp-content\/uploads\/sites\/3\/2014\/10\/handwagen-1536x864.jpg 1536w, https:\/\/arnesweb.de\/fritzi\/wp-content\/uploads\/sites\/3\/2014\/10\/handwagen.jpg 1920w\" sizes=\"auto, (max-width: 640px) 100vw, 640px\" \/><\/a><p id=\"caption-attachment-92\" class=\"wp-caption-text\">In meinem Anh\u00e4nger liege ich so gerne, dass ich gar nicht wieder aussteigen will<\/p><\/div>\n<div id=\"attachment_93\" style=\"width: 650px\" class=\"wp-caption aligncenter\"><a href=\"https:\/\/arnesweb.de\/fritzi\/wp-content\/uploads\/sites\/3\/2014\/10\/Hundewiesemitwelpe.jpg\" rel=\"lightbox[89]\"><img loading=\"lazy\" decoding=\"async\" aria-describedby=\"caption-attachment-93\" class=\"size-large wp-image-93\" alt=\"Fritzi mit einem Welpen\" src=\"https:\/\/arnesweb.de\/fritzi\/wp-content\/uploads\/sites\/3\/2014\/10\/Hundewiesemitwelpe-1024x576.jpg\" width=\"640\" height=\"360\" srcset=\"https:\/\/arnesweb.de\/fritzi\/wp-content\/uploads\/sites\/3\/2014\/10\/Hundewiesemitwelpe-1024x576.jpg 1024w, https:\/\/arnesweb.de\/fritzi\/wp-content\/uploads\/sites\/3\/2014\/10\/Hundewiesemitwelpe-300x169.jpg 300w, https:\/\/arnesweb.de\/fritzi\/wp-content\/uploads\/sites\/3\/2014\/10\/Hundewiesemitwelpe-768x432.jpg 768w, https:\/\/arnesweb.de\/fritzi\/wp-content\/uploads\/sites\/3\/2014\/10\/Hundewiesemitwelpe-1536x864.jpg 1536w, https:\/\/arnesweb.de\/fritzi\/wp-content\/uploads\/sites\/3\/2014\/10\/Hundewiesemitwelpe.jpg 1920w\" sizes=\"auto, (max-width: 640px) 100vw, 640px\" \/><\/a><p id=\"caption-attachment-93\" class=\"wp-caption-text\">Diesen jungen Welpen habe ich auf der Hundewiese getroffen<\/p><\/div>\n<div id=\"attachment_94\" style=\"width: 650px\" class=\"wp-caption aligncenter\"><a href=\"https:\/\/arnesweb.de\/fritzi\/wp-content\/uploads\/sites\/3\/2014\/10\/schwimmen.jpg\" rel=\"lightbox[89]\"><img loading=\"lazy\" decoding=\"async\" aria-describedby=\"caption-attachment-94\" class=\"size-large wp-image-94\" alt=\"Fritzi im Wasser\" src=\"https:\/\/arnesweb.de\/fritzi\/wp-content\/uploads\/sites\/3\/2014\/10\/schwimmen-1024x576.jpg\" width=\"640\" height=\"360\" srcset=\"https:\/\/arnesweb.de\/fritzi\/wp-content\/uploads\/sites\/3\/2014\/10\/schwimmen-1024x576.jpg 1024w, https:\/\/arnesweb.de\/fritzi\/wp-content\/uploads\/sites\/3\/2014\/10\/schwimmen-300x169.jpg 300w, https:\/\/arnesweb.de\/fritzi\/wp-content\/uploads\/sites\/3\/2014\/10\/schwimmen-768x432.jpg 768w, https:\/\/arnesweb.de\/fritzi\/wp-content\/uploads\/sites\/3\/2014\/10\/schwimmen-1536x864.jpg 1536w, https:\/\/arnesweb.de\/fritzi\/wp-content\/uploads\/sites\/3\/2014\/10\/schwimmen.jpg 1920w\" sizes=\"auto, (max-width: 640px) 100vw, 640px\" \/><\/a><p id=\"caption-attachment-94\" class=\"wp-caption-text\">Seit ich Wasser kenne, muss ich jedes mal hinein&#8230;<\/p><\/div>\n<div id=\"attachment_110\" style=\"width: 650px\" class=\"wp-caption aligncenter\"><a href=\"https:\/\/arnesweb.de\/fritzi\/wp-content\/uploads\/sites\/3\/2014\/10\/P1020403.jpg\" rel=\"lightbox[89]\"><img loading=\"lazy\" decoding=\"async\" aria-describedby=\"caption-attachment-110\" class=\"size-large wp-image-110\" alt=\"Fritzi liegt in der Heide\" src=\"https:\/\/arnesweb.de\/fritzi\/wp-content\/uploads\/sites\/3\/2014\/10\/P1020403-1024x576.jpg\" width=\"640\" height=\"360\" srcset=\"https:\/\/arnesweb.de\/fritzi\/wp-content\/uploads\/sites\/3\/2014\/10\/P1020403-1024x576.jpg 1024w, https:\/\/arnesweb.de\/fritzi\/wp-content\/uploads\/sites\/3\/2014\/10\/P1020403-300x169.jpg 300w, https:\/\/arnesweb.de\/fritzi\/wp-content\/uploads\/sites\/3\/2014\/10\/P1020403-768x432.jpg 768w, https:\/\/arnesweb.de\/fritzi\/wp-content\/uploads\/sites\/3\/2014\/10\/P1020403-1536x864.jpg 1536w, https:\/\/arnesweb.de\/fritzi\/wp-content\/uploads\/sites\/3\/2014\/10\/P1020403.jpg 1920w\" sizes=\"auto, (max-width: 640px) 100vw, 640px\" \/><\/a><p id=\"caption-attachment-110\" class=\"wp-caption-text\">In der Heidelandschaft gef\u00e4llt es mir einfach gut.<\/p><\/div>\n","protected":false},"excerpt":{"rendered":"<p>Es dauert nun nicht mehr lange, bis ich zwei Jahre alt werde. Ich bin ja nun schon fast erwachsen, und daher werde ich wohl etwas ruhiger. Ich treffe mich noch jeden morgen mit meiner Freundin Elvi und tobe eine Runde, &hellip; <a href=\"https:\/\/arnesweb.de\/fritzi\/sommer-2014\/\">Weiterlesen <span class=\"meta-nav\">&rarr;<\/span><\/a><\/p>\n","protected":false},"author":1,"featured_media":0,"parent":0,"menu_order":0,"comment_status":"closed","ping_status":"open","template":"","meta":{"footnotes":""},"class_list":["post-89","page","type-page","status-publish","hentry"],"_links":{"self":[{"href":"https:\/\/arnesweb.de\/fritzi\/wp-json\/wp\/v2\/pages\/89","targetHints":{"allow":["GET"]}}],"collection":[{"href":"https:\/\/arnesweb.de\/fritzi\/wp-json\/wp\/v2\/pages"}],"about":[{"href":"https:\/\/arnesweb.de\/fritzi\/wp-json\/wp\/v2\/types\/page"}],"author":[{"embeddable":true,"href":"https:\/\/arnesweb.de\/fritzi\/wp-json\/wp\/v2\/users\/1"}],"replies":[{"embeddable":true,"href":"https:\/\/arnesweb.de\/fritzi\/wp-json\/wp\/v2\/comments?post=89"}],"version-history":[{"count":0,"href":"https:\/\/arnesweb.de\/fritzi\/wp-json\/wp\/v2\/pages\/89\/revisions"}],"wp:attachment":[{"href":"https:\/\/arnesweb.de\/fritzi\/wp-json\/wp\/v2\/media?parent=89"}],"curies":[{"name":"wp","href":"https:\/\/api.w.org\/{rel}","templated":true}]}}